{"id":2,"date":"2016-07-26T22:29:19","date_gmt":"2016-07-26T20:29:19","guid":{"rendered":"http:\/\/apimm.eu\/?page_id=2"},"modified":"2017-11-05T16:45:44","modified_gmt":"2017-11-05T15:45:44","slug":"page-d-exemple","status":"publish","type":"page","link":"http:\/\/apimm.eu\/index.php\/page-d-exemple\/","title":{"rendered":"A propos de l&rsquo;APIMM"},"content":{"rendered":"<p>L&rsquo;Association des Pilotes de Montgolfi\u00e8res de Moselle, ne regroupe pas uniquement les pilotes mosellans, mais les pilotes r\u00e9gionaux et belges.<\/p>\n<p>Le bureau est compos\u00e9 du Pr\u00e9sident\u00a0Christophe TILLY,\u00a0du secr\u00e9taire Benoit LOUYOT et de la Tr\u00e9sori\u00e8re\u00a0Marie-Paule COLIN.<\/p>\n<p><img loading=\"lazy\" decoding=\"async\" class=\"alignnone size-full wp-image-4\" src=\"http:\/\/apimm.eu\/wp-content\/uploads\/2016\/07\/logoAPIMM-V2.jpg\" alt=\"logoAPIMM-V2\" width=\"145\" height=\"192\" \/><\/p>\n<p>La composition du bureau :<br \/>\n<a href=\"http:\/\/apimm.eu\/wp-content\/uploads\/2017\/11\/Bureau-APIMM-11-16.pdf\">Bureau APIMM 11-16<\/a><\/p>\n<p>&nbsp;<\/p>\n<blockquote><p><span style=\"color: #2b2b2b; font-family: Thread-00003310-Id-0000037e; font-size: medium;\">\u00a0<\/span><\/p><\/blockquote>\n","protected":false},"excerpt":{"rendered":"<p>L&rsquo;Association des Pilotes de Montgolfi\u00e8res de Moselle, ne regroupe pas uniquement les pilotes mosellans, mais les pilotes r\u00e9gionaux et belges. Le bureau est compos\u00e9 du Pr\u00e9sident\u00a0Christophe TILLY,\u00a0du secr\u00e9taire Benoit LOUYOT et de la Tr\u00e9sori\u00e8re\u00a0Marie-Paule COLIN. La composition du bureau : Bureau APIMM 11-16 &nbsp; \u00a0<\/p>\n","protected":false},"author":1,"featured_media":0,"parent":0,"menu_order":0,"comment_status":"closed","ping_status":"open","template":"","meta":{"footnotes":""},"class_list":["post-2","page","type-page","status-publish","hentry"],"_links":{"self":[{"href":"http:\/\/apimm.eu\/index.php\/wp-json\/wp\/v2\/pages\/2","targetHints":{"allow":["GET"]}}],"collection":[{"href":"http:\/\/apimm.eu\/index.php\/wp-json\/wp\/v2\/pages"}],"about":[{"href":"http:\/\/apimm.eu\/index.php\/wp-json\/wp\/v2\/types\/page"}],"author":[{"embeddable":true,"href":"http:\/\/apimm.eu\/index.php\/wp-json\/wp\/v2\/users\/1"}],"replies":[{"embeddable":true,"href":"http:\/\/apimm.eu\/index.php\/wp-json\/wp\/v2\/comments?post=2"}],"version-history":[{"count":7,"href":"http:\/\/apimm.eu\/index.php\/wp-json\/wp\/v2\/pages\/2\/revisions"}],"predecessor-version":[{"id":258,"href":"http:\/\/apimm.eu\/index.php\/wp-json\/wp\/v2\/pages\/2\/revisions\/258"}],"wp:attachment":[{"href":"http:\/\/apimm.eu\/index.php\/wp-json\/wp\/v2\/media?parent=2"}],"curies":[{"name":"wp","href":"https:\/\/api.w.org\/{rel}","templated":true}]}}