{"id":217,"date":"2015-11-15T14:55:20","date_gmt":"2015-11-15T13:55:20","guid":{"rendered":"http:\/\/apimm.eu\/?page_id=217"},"modified":"2017-11-05T14:55:54","modified_gmt":"2017-11-05T13:55:54","slug":"ag-2015","status":"publish","type":"page","link":"http:\/\/apimm.eu\/index.php\/ag-2015\/","title":{"rendered":"AG 2015"},"content":{"rendered":"<p>C&rsquo;est le 11 novembre 2015 que se d\u00e9roule l&rsquo;Assembl\u00e9e G\u00e9n\u00e9rale de l&rsquo;APIMM.<\/p>\n<p>Compte rendu de cette assembl\u00e9e :<br \/>\n<a href=\"http:\/\/apimm.eu\/wp-content\/uploads\/2017\/11\/AG-APIMM-2015.pdf\">AG APIMM 2015<\/a><\/p>\n","protected":false},"excerpt":{"rendered":"<p>C&rsquo;est le 11 novembre 2015 que se d\u00e9roule l&rsquo;Assembl\u00e9e G\u00e9n\u00e9rale de l&rsquo;APIMM. Compte rendu de cette assembl\u00e9e : AG APIMM 2015<\/p>\n","protected":false},"author":2,"featured_media":0,"parent":0,"menu_order":0,"comment_status":"closed","ping_status":"closed","template":"","meta":{"footnotes":""},"class_list":["post-217","page","type-page","status-publish","hentry"],"_links":{"self":[{"href":"http:\/\/apimm.eu\/index.php\/wp-json\/wp\/v2\/pages\/217","targetHints":{"allow":["GET"]}}],"collection":[{"href":"http:\/\/apimm.eu\/index.php\/wp-json\/wp\/v2\/pages"}],"about":[{"href":"http:\/\/apimm.eu\/index.php\/wp-json\/wp\/v2\/types\/page"}],"author":[{"embeddable":true,"href":"http:\/\/apimm.eu\/index.php\/wp-json\/wp\/v2\/users\/2"}],"replies":[{"embeddable":true,"href":"http:\/\/apimm.eu\/index.php\/wp-json\/wp\/v2\/comments?post=217"}],"version-history":[{"count":1,"href":"http:\/\/apimm.eu\/index.php\/wp-json\/wp\/v2\/pages\/217\/revisions"}],"predecessor-version":[{"id":219,"href":"http:\/\/apimm.eu\/index.php\/wp-json\/wp\/v2\/pages\/217\/revisions\/219"}],"wp:attachment":[{"href":"http:\/\/apimm.eu\/index.php\/wp-json\/wp\/v2\/media?parent=217"}],"curies":[{"name":"wp","href":"https:\/\/api.w.org\/{rel}","templated":true}]}}