{"id":225,"date":"2007-11-05T15:38:42","date_gmt":"2007-11-05T14:38:42","guid":{"rendered":"http:\/\/apimm.eu\/?page_id=225"},"modified":"2017-11-05T15:39:23","modified_gmt":"2017-11-05T14:39:23","slug":"lapimm-en-moselle","status":"publish","type":"page","link":"http:\/\/apimm.eu\/index.php\/lapimm-en-moselle\/","title":{"rendered":"L&rsquo;APIMM en Moselle"},"content":{"rendered":"<p><img loading=\"lazy\" decoding=\"async\" class=\"alignnone size-medium wp-image-6\" src=\"http:\/\/apimm.eu\/wp-content\/uploads\/2016\/07\/logoapimm_icon-298x300.jpg\" alt=\"\" width=\"298\" height=\"300\" srcset=\"http:\/\/apimm.eu\/wp-content\/uploads\/2016\/07\/logoapimm_icon-298x300.jpg 298w, http:\/\/apimm.eu\/wp-content\/uploads\/2016\/07\/logoapimm_icon-150x150.jpg 150w, http:\/\/apimm.eu\/wp-content\/uploads\/2016\/07\/logoapimm_icon.jpg 508w\" sizes=\"auto, (max-width: 298px) 100vw, 298px\" \/><\/p>\n<p>Depuis sa cr\u00e9ation en 2007, l&rsquo;Association des Pilotes de Montgolfi\u00e8res de Moselle organise des rassemblements de montgolfi\u00e8res en Moselle. Elle vient \u00e9galement \u00e9pauler les associations a\u00e9rostatiques d\u00e9sireuses d&rsquo;organiser des meeting.<\/p>\n","protected":false},"excerpt":{"rendered":"<p>Depuis sa cr\u00e9ation en 2007, l&rsquo;Association des Pilotes de Montgolfi\u00e8res de Moselle organise des rassemblements de montgolfi\u00e8res en Moselle. Elle vient \u00e9galement \u00e9pauler les associations a\u00e9rostatiques d\u00e9sireuses d&rsquo;organiser des meeting.<\/p>\n","protected":false},"author":2,"featured_media":0,"parent":0,"menu_order":0,"comment_status":"closed","ping_status":"closed","template":"","meta":{"footnotes":""},"class_list":["post-225","page","type-page","status-publish","hentry"],"_links":{"self":[{"href":"http:\/\/apimm.eu\/index.php\/wp-json\/wp\/v2\/pages\/225","targetHints":{"allow":["GET"]}}],"collection":[{"href":"http:\/\/apimm.eu\/index.php\/wp-json\/wp\/v2\/pages"}],"about":[{"href":"http:\/\/apimm.eu\/index.php\/wp-json\/wp\/v2\/types\/page"}],"author":[{"embeddable":true,"href":"http:\/\/apimm.eu\/index.php\/wp-json\/wp\/v2\/users\/2"}],"replies":[{"embeddable":true,"href":"http:\/\/apimm.eu\/index.php\/wp-json\/wp\/v2\/comments?post=225"}],"version-history":[{"count":2,"href":"http:\/\/apimm.eu\/index.php\/wp-json\/wp\/v2\/pages\/225\/revisions"}],"predecessor-version":[{"id":227,"href":"http:\/\/apimm.eu\/index.php\/wp-json\/wp\/v2\/pages\/225\/revisions\/227"}],"wp:attachment":[{"href":"http:\/\/apimm.eu\/index.php\/wp-json\/wp\/v2\/media?parent=225"}],"curies":[{"name":"wp","href":"https:\/\/api.w.org\/{rel}","templated":true}]}}