{"id":229,"date":"2007-11-05T15:50:24","date_gmt":"2007-11-05T14:50:24","guid":{"rendered":"http:\/\/apimm.eu\/?page_id=229"},"modified":"2018-12-08T19:03:21","modified_gmt":"2018-12-08T18:03:21","slug":"lapimm-a-lexterieur","status":"publish","type":"page","link":"http:\/\/apimm.eu\/index.php\/lapimm-a-lexterieur\/","title":{"rendered":"L&rsquo;APIMM \u00e0 l&rsquo;ext\u00e9rieur"},"content":{"rendered":"<p><img loading=\"lazy\" decoding=\"async\" class=\"alignnone size-medium wp-image-6\" src=\"http:\/\/apimm.eu\/wp-content\/uploads\/2016\/07\/logoapimm_icon-298x300.jpg\" alt=\"\" width=\"298\" height=\"300\" srcset=\"http:\/\/apimm.eu\/wp-content\/uploads\/2016\/07\/logoapimm_icon-298x300.jpg 298w, http:\/\/apimm.eu\/wp-content\/uploads\/2016\/07\/logoapimm_icon-150x150.jpg 150w, http:\/\/apimm.eu\/wp-content\/uploads\/2016\/07\/logoapimm_icon.jpg 508w\" sizes=\"auto, (max-width: 298px) 100vw, 298px\" \/><\/p>\n<p>Depuis sa cr\u00e9ation en 2007, l&rsquo;APIMM n&rsquo;a cess\u00e9 de grandir, \u00e0 l&rsquo;image de ses membres que l&rsquo;on peut retrouver au del\u00e0 des fronti\u00e8res mosellanes, GrandEstoises, fran\u00e7aises, voire europ\u00e9ennes pour certains.<\/p>\n<p>En effet des pilotes passionn\u00e9s, membres de l&rsquo;APIMM, ont inscrit leurs noms dans des comp\u00e9titions renomm\u00e9es telles que la Gordon Bennett, l&rsquo;Am\u00e9rica&rsquo;s Challenge, les Championnats de France, d&rsquo;Europe et m\u00eame aux Championnats du Monde.<\/p>\n","protected":false},"excerpt":{"rendered":"<p>Depuis sa cr\u00e9ation en 2007, l&rsquo;APIMM n&rsquo;a cess\u00e9 de grandir, \u00e0 l&rsquo;image de ses membres que l&rsquo;on peut retrouver au del\u00e0 des fronti\u00e8res mosellanes, GrandEstoises, fran\u00e7aises, voire europ\u00e9ennes pour certains. En effet des pilotes passionn\u00e9s, membres de l&rsquo;APIMM, ont inscrit leurs noms dans des comp\u00e9titions renomm\u00e9es telles que la Gordon Bennett, l&rsquo;Am\u00e9rica&rsquo;s Challenge, les Championnats &hellip; <a href=\"http:\/\/apimm.eu\/index.php\/lapimm-a-lexterieur\/\" class=\"more-link\">Continuer la lecture de <span class=\"screen-reader-text\">L&rsquo;APIMM \u00e0 l&rsquo;ext\u00e9rieur<\/span>  <span class=\"meta-nav\">&rarr;<\/span><\/a><\/p>\n","protected":false},"author":2,"featured_media":0,"parent":0,"menu_order":0,"comment_status":"closed","ping_status":"closed","template":"","meta":{"footnotes":""},"class_list":["post-229","page","type-page","status-publish","hentry"],"_links":{"self":[{"href":"http:\/\/apimm.eu\/index.php\/wp-json\/wp\/v2\/pages\/229","targetHints":{"allow":["GET"]}}],"collection":[{"href":"http:\/\/apimm.eu\/index.php\/wp-json\/wp\/v2\/pages"}],"about":[{"href":"http:\/\/apimm.eu\/index.php\/wp-json\/wp\/v2\/types\/page"}],"author":[{"embeddable":true,"href":"http:\/\/apimm.eu\/index.php\/wp-json\/wp\/v2\/users\/2"}],"replies":[{"embeddable":true,"href":"http:\/\/apimm.eu\/index.php\/wp-json\/wp\/v2\/comments?post=229"}],"version-history":[{"count":2,"href":"http:\/\/apimm.eu\/index.php\/wp-json\/wp\/v2\/pages\/229\/revisions"}],"predecessor-version":[{"id":816,"href":"http:\/\/apimm.eu\/index.php\/wp-json\/wp\/v2\/pages\/229\/revisions\/816"}],"wp:attachment":[{"href":"http:\/\/apimm.eu\/index.php\/wp-json\/wp\/v2\/media?parent=229"}],"curies":[{"name":"wp","href":"https:\/\/api.w.org\/{rel}","templated":true}]}}